{"id":432,"date":"2026-04-16T08:15:31","date_gmt":"2026-04-16T08:15:31","guid":{"rendered":"https:\/\/vindingelokalraad.dk\/?page_id=432"},"modified":"2026-04-16T08:58:28","modified_gmt":"2026-04-16T08:58:28","slug":"medlemmer","status":"publish","type":"page","link":"https:\/\/vindingelokalraad.dk\/index.php\/medlemmer\/","title":{"rendered":"Medlemmer"},"content":{"rendered":"\n<p>Alle foreninger og virksomheder i Vindinge kan v\u00e6re medlem af Vindinge Lokalr\u00e5d, og mange er det allerede.<\/p>\n\n\n\n<p>Som medlem er du bindeleddet mellem Lokalr\u00e5det og den forening\/virksomhed, du repr\u00e6senterer. Du f\u00e5r l\u00f8bende opdateringer om Lokalr\u00e5dets arbejde, ligesom du bliver inviteret til at samle og dele informationer mellem Lokalr\u00e5det og den forening\/virksomhed, du repr\u00e6senterer.  <\/p>\n\n\n\n<p>Det er gratis at v\u00e6re medlem af Lokalr\u00e5det. <\/p>\n\n\n\n<p>I jeres forening beslutter I selv, hvem der skal v\u00e6re jeres repr\u00e6sentant i Lokalr\u00e5det. <\/p>\n\n\n\n<p><strong>Husk; det er medlemmernes eget ansvar at give Lokalr\u00e5det besked, hvis I f\u00e5r en ny repr\u00e6sentant eller kontaktinfo \u00e6ndrer sig.<\/strong><\/p>\n\n\n\n<p>Ud over kommunikation direkte til vores medlemmer, opdaterer vi l\u00f8bende alle i byen om vores arbejde via denne website, i TunePosten og p\u00e5 Facebook (Vindinge Lokalr\u00e5d &amp; Det sker i Vindinge), ligesom vi fors\u00f8ger at v\u00e6re synlige ved diverse arrangementer, centrale m\u00f8desteder etc.<\/p>\n\n\n\n\n\n\n\n\n\n<p><\/p>\n","protected":false},"excerpt":{"rendered":"<p>Alle foreninger og virksomheder i Vindinge kan v\u00e6re medlem af Vindinge Lokalr\u00e5d, og mange er det allerede. Som medlem er [&hellip;]<\/p>\n","protected":false},"author":2,"featured_media":0,"parent":0,"menu_order":0,"comment_status":"closed","ping_status":"closed","template":"","meta":{"saved_in_kubio":true,"site-sidebar-layout":"default","site-content-layout":"","ast-site-content-layout":"default","site-content-style":"default","site-sidebar-style":"default","ast-global-header-display":"","ast-banner-title-visibility":"","ast-main-header-display":"","ast-hfb-above-header-display":"","ast-hfb-below-header-display":"","ast-hfb-mobile-header-display":"","site-post-title":"","ast-breadcrumbs-content":"","ast-featured-img":"","footer-sml-layout":"","ast-disable-related-posts":"","theme-transparent-header-meta":"","adv-header-id-meta":"","stick-header-meta":"","header-above-stick-meta":"","header-main-stick-meta":"","header-below-stick-meta":"","astra-migrate-meta-layouts":"default","ast-page-background-enabled":"default","ast-page-background-meta":{"desktop":{"background-color":"var(--ast-global-color-5)","background-image":"","background-repeat":"repeat","background-position":"center center","background-size":"auto","background-attachment":"scroll","background-type":"","background-media":"","overlay-type":"","overlay-color":"","overlay-opacity":"","overlay-gradient":""},"tablet":{"background-color":"","background-image":"","background-repeat":"repeat","background-position":"center center","background-size":"auto","background-attachment":"scroll","background-type":"","background-media":"","overlay-type":"","overlay-color":"","overlay-opacity":"","overlay-gradient":""},"mobile":{"background-color":"","background-image":"","background-repeat":"repeat","background-position":"center center","background-size":"auto","background-attachment":"scroll","background-type":"","background-media":"","overlay-type":"","overlay-color":"","overlay-opacity":"","overlay-gradient":""}},"ast-content-background-meta":{"desktop":{"background-color":"var(--ast-global-color-4)","background-image":"","background-repeat":"repeat","background-position":"center center","background-size":"auto","background-attachment":"scroll","background-type":"","background-media":"","overlay-type":"","overlay-color":"","overlay-opacity":"","overlay-gradient":""},"tablet":{"background-color":"var(--ast-global-color-4)","background-image":"","background-repeat":"repeat","background-position":"center center","background-size":"auto","background-attachment":"scroll","background-type":"","background-media":"","overlay-type":"","overlay-color":"","overlay-opacity":"","overlay-gradient":""},"mobile":{"background-color":"var(--ast-global-color-4)","background-image":"","background-repeat":"repeat","background-position":"center center","background-size":"auto","background-attachment":"scroll","background-type":"","background-media":"","overlay-type":"","overlay-color":"","overlay-opacity":"","overlay-gradient":""}},"footnotes":""},"class_list":["post-432","page","type-page","status-publish","hentry"],"kubio_ai_page_context":{"short_desc":"","purpose":"general"},"yoast_head":"<!-- This site is optimized with the Yoast SEO plugin v27.1.1 - https:\/\/yoast.com\/product\/yoast-seo-wordpress\/ -->\n<title>Medlemmer -<\/title>\n<meta name=\"robots\" content=\"index, follow, max-snippet:-1, max-image-preview:large, max-video-preview:-1\" \/>\n<link rel=\"canonical\" href=\"https:\/\/vindingelokalraad.dk\/index.php\/medlemmer\/\" \/>\n<meta property=\"og:locale\" content=\"da_DK\" \/>\n<meta property=\"og:type\" content=\"article\" \/>\n<meta property=\"og:title\" content=\"Medlemmer -\" \/>\n<meta property=\"og:description\" content=\"Alle foreninger og virksomheder i Vindinge kan v\u00e6re medlem af Vindinge Lokalr\u00e5d, og mange er det allerede. Som medlem er [&hellip;]\" \/>\n<meta property=\"og:url\" content=\"https:\/\/vindingelokalraad.dk\/index.php\/medlemmer\/\" \/>\n<meta property=\"article:publisher\" content=\"https:\/\/www.facebook.com\/vindingelokalraad\" \/>\n<meta property=\"article:modified_time\" content=\"2026-04-16T08:58:28+00:00\" \/>\n<meta property=\"og:image\" content=\"https:\/\/s.w.org\/images\/core\/emoji\/17.0.2\/svg\/1f449.svg\" \/>\n<meta name=\"twitter:card\" content=\"summary_large_image\" \/>\n<meta name=\"twitter:label1\" content=\"Estimeret l\u00e6setid\" \/>\n\t<meta name=\"twitter:data1\" content=\"2 minutter\" \/>\n<script type=\"application\/ld+json\" class=\"yoast-schema-graph\">{\"@context\":\"https:\/\/schema.org\",\"@graph\":[{\"@type\":\"WebPage\",\"@id\":\"https:\/\/vindingelokalraad.dk\/index.php\/medlemmer\/\",\"url\":\"https:\/\/vindingelokalraad.dk\/index.php\/medlemmer\/\",\"name\":\"Medlemmer -\",\"isPartOf\":{\"@id\":\"https:\/\/vindingelokalraad.dk\/#website\"},\"primaryImageOfPage\":{\"@id\":\"https:\/\/vindingelokalraad.dk\/index.php\/medlemmer\/#primaryimage\"},\"image\":{\"@id\":\"https:\/\/vindingelokalraad.dk\/index.php\/medlemmer\/#primaryimage\"},\"thumbnailUrl\":\"https:\/\/s.w.org\/images\/core\/emoji\/17.0.2\/svg\/1f449.svg\",\"datePublished\":\"2026-04-16T08:15:31+00:00\",\"dateModified\":\"2026-04-16T08:58:28+00:00\",\"breadcrumb\":{\"@id\":\"https:\/\/vindingelokalraad.dk\/index.php\/medlemmer\/#breadcrumb\"},\"inLanguage\":\"da-DK\",\"potentialAction\":[{\"@type\":\"ReadAction\",\"target\":[\"https:\/\/vindingelokalraad.dk\/index.php\/medlemmer\/\"]}]},{\"@type\":\"ImageObject\",\"inLanguage\":\"da-DK\",\"@id\":\"https:\/\/vindingelokalraad.dk\/index.php\/medlemmer\/#primaryimage\",\"url\":\"https:\/\/s.w.org\/images\/core\/emoji\/17.0.2\/svg\/1f449.svg\",\"contentUrl\":\"https:\/\/s.w.org\/images\/core\/emoji\/17.0.2\/svg\/1f449.svg\"},{\"@type\":\"BreadcrumbList\",\"@id\":\"https:\/\/vindingelokalraad.dk\/index.php\/medlemmer\/#breadcrumb\",\"itemListElement\":[{\"@type\":\"ListItem\",\"position\":1,\"name\":\"Hjem\",\"item\":\"https:\/\/vindingelokalraad.dk\/\"},{\"@type\":\"ListItem\",\"position\":2,\"name\":\"Medlemmer\"}]},{\"@type\":\"WebSite\",\"@id\":\"https:\/\/vindingelokalraad.dk\/#website\",\"url\":\"https:\/\/vindingelokalraad.dk\/\",\"name\":\"Vindinge Lokalr\u00e5d\",\"description\":\"\",\"publisher\":{\"@id\":\"https:\/\/vindingelokalraad.dk\/#organization\"},\"potentialAction\":[{\"@type\":\"SearchAction\",\"target\":{\"@type\":\"EntryPoint\",\"urlTemplate\":\"https:\/\/vindingelokalraad.dk\/?s={search_term_string}\"},\"query-input\":{\"@type\":\"PropertyValueSpecification\",\"valueRequired\":true,\"valueName\":\"search_term_string\"}}],\"inLanguage\":\"da-DK\"},{\"@type\":\"Organization\",\"@id\":\"https:\/\/vindingelokalraad.dk\/#organization\",\"name\":\"Vindinge Lokalr\u00e5d\",\"url\":\"https:\/\/vindingelokalraad.dk\/\",\"logo\":{\"@type\":\"ImageObject\",\"inLanguage\":\"da-DK\",\"@id\":\"https:\/\/vindingelokalraad.dk\/#\/schema\/logo\/image\/\",\"url\":\"https:\/\/vindingelokalraad.dk\/wp-content\/uploads\/2025\/07\/4-copy.png\",\"contentUrl\":\"https:\/\/vindingelokalraad.dk\/wp-content\/uploads\/2025\/07\/4-copy.png\",\"width\":500,\"height\":500,\"caption\":\"Vindinge Lokalr\u00e5d\"},\"image\":{\"@id\":\"https:\/\/vindingelokalraad.dk\/#\/schema\/logo\/image\/\"},\"sameAs\":[\"https:\/\/www.facebook.com\/vindingelokalraad\",\"https:\/\/www.instagram.com\/vindinge_lokalrad\/\"]}]}<\/script>\n<!-- \/ Yoast SEO plugin. -->","yoast_head_json":{"title":"Medlemmer -","robots":{"index":"index","follow":"follow","max-snippet":"max-snippet:-1","max-image-preview":"max-image-preview:large","max-video-preview":"max-video-preview:-1"},"canonical":"https:\/\/vindingelokalraad.dk\/index.php\/medlemmer\/","og_locale":"da_DK","og_type":"article","og_title":"Medlemmer -","og_description":"Alle foreninger og virksomheder i Vindinge kan v\u00e6re medlem af Vindinge Lokalr\u00e5d, og mange er det allerede. Som medlem er [&hellip;]","og_url":"https:\/\/vindingelokalraad.dk\/index.php\/medlemmer\/","article_publisher":"https:\/\/www.facebook.com\/vindingelokalraad","article_modified_time":"2026-04-16T08:58:28+00:00","og_image":[{"url":"https:\/\/s.w.org\/images\/core\/emoji\/17.0.2\/svg\/1f449.svg","type":"","width":"","height":""}],"twitter_card":"summary_large_image","twitter_misc":{"Estimeret l\u00e6setid":"2 minutter"},"schema":{"@context":"https:\/\/schema.org","@graph":[{"@type":"WebPage","@id":"https:\/\/vindingelokalraad.dk\/index.php\/medlemmer\/","url":"https:\/\/vindingelokalraad.dk\/index.php\/medlemmer\/","name":"Medlemmer -","isPartOf":{"@id":"https:\/\/vindingelokalraad.dk\/#website"},"primaryImageOfPage":{"@id":"https:\/\/vindingelokalraad.dk\/index.php\/medlemmer\/#primaryimage"},"image":{"@id":"https:\/\/vindingelokalraad.dk\/index.php\/medlemmer\/#primaryimage"},"thumbnailUrl":"https:\/\/s.w.org\/images\/core\/emoji\/17.0.2\/svg\/1f449.svg","datePublished":"2026-04-16T08:15:31+00:00","dateModified":"2026-04-16T08:58:28+00:00","breadcrumb":{"@id":"https:\/\/vindingelokalraad.dk\/index.php\/medlemmer\/#breadcrumb"},"inLanguage":"da-DK","potentialAction":[{"@type":"ReadAction","target":["https:\/\/vindingelokalraad.dk\/index.php\/medlemmer\/"]}]},{"@type":"ImageObject","inLanguage":"da-DK","@id":"https:\/\/vindingelokalraad.dk\/index.php\/medlemmer\/#primaryimage","url":"https:\/\/s.w.org\/images\/core\/emoji\/17.0.2\/svg\/1f449.svg","contentUrl":"https:\/\/s.w.org\/images\/core\/emoji\/17.0.2\/svg\/1f449.svg"},{"@type":"BreadcrumbList","@id":"https:\/\/vindingelokalraad.dk\/index.php\/medlemmer\/#breadcrumb","itemListElement":[{"@type":"ListItem","position":1,"name":"Hjem","item":"https:\/\/vindingelokalraad.dk\/"},{"@type":"ListItem","position":2,"name":"Medlemmer"}]},{"@type":"WebSite","@id":"https:\/\/vindingelokalraad.dk\/#website","url":"https:\/\/vindingelokalraad.dk\/","name":"Vindinge Lokalr\u00e5d","description":"","publisher":{"@id":"https:\/\/vindingelokalraad.dk\/#organization"},"potentialAction":[{"@type":"SearchAction","target":{"@type":"EntryPoint","urlTemplate":"https:\/\/vindingelokalraad.dk\/?s={search_term_string}"},"query-input":{"@type":"PropertyValueSpecification","valueRequired":true,"valueName":"search_term_string"}}],"inLanguage":"da-DK"},{"@type":"Organization","@id":"https:\/\/vindingelokalraad.dk\/#organization","name":"Vindinge Lokalr\u00e5d","url":"https:\/\/vindingelokalraad.dk\/","logo":{"@type":"ImageObject","inLanguage":"da-DK","@id":"https:\/\/vindingelokalraad.dk\/#\/schema\/logo\/image\/","url":"https:\/\/vindingelokalraad.dk\/wp-content\/uploads\/2025\/07\/4-copy.png","contentUrl":"https:\/\/vindingelokalraad.dk\/wp-content\/uploads\/2025\/07\/4-copy.png","width":500,"height":500,"caption":"Vindinge Lokalr\u00e5d"},"image":{"@id":"https:\/\/vindingelokalraad.dk\/#\/schema\/logo\/image\/"},"sameAs":["https:\/\/www.facebook.com\/vindingelokalraad","https:\/\/www.instagram.com\/vindinge_lokalrad\/"]}]}},"_links":{"self":[{"href":"https:\/\/vindingelokalraad.dk\/index.php\/wp-json\/wp\/v2\/pages\/432","targetHints":{"allow":["GET"]}}],"collection":[{"href":"https:\/\/vindingelokalraad.dk\/index.php\/wp-json\/wp\/v2\/pages"}],"about":[{"href":"https:\/\/vindingelokalraad.dk\/index.php\/wp-json\/wp\/v2\/types\/page"}],"author":[{"embeddable":true,"href":"https:\/\/vindingelokalraad.dk\/index.php\/wp-json\/wp\/v2\/users\/2"}],"replies":[{"embeddable":true,"href":"https:\/\/vindingelokalraad.dk\/index.php\/wp-json\/wp\/v2\/comments?post=432"}],"version-history":[{"count":13,"href":"https:\/\/vindingelokalraad.dk\/index.php\/wp-json\/wp\/v2\/pages\/432\/revisions"}],"predecessor-version":[{"id":453,"href":"https:\/\/vindingelokalraad.dk\/index.php\/wp-json\/wp\/v2\/pages\/432\/revisions\/453"}],"wp:attachment":[{"href":"https:\/\/vindingelokalraad.dk\/index.php\/wp-json\/wp\/v2\/media?parent=432"}],"curies":[{"name":"wp","href":"https:\/\/api.w.org\/{rel}","templated":true}]}}