{"id":403,"date":"2026-02-27T09:45:53","date_gmt":"2026-02-27T09:45:53","guid":{"rendered":"https:\/\/vindingelokalraad.dk\/?page_id=403"},"modified":"2026-03-26T09:57:54","modified_gmt":"2026-03-26T09:57:54","slug":"arrangementer","status":"publish","type":"page","link":"https:\/\/vindingelokalraad.dk\/index.php\/arrangementer\/","title":{"rendered":"Arrangementer"},"content":{"rendered":"\n<p class=\"has-text-align-left\">Her finder du invitationer og information om arrangementer, som Vindinge Lokalr\u00e5d arrangerer eller deltager i. <\/p>\n\n\n\n<p class=\"has-text-align-left\">Har du et arrangement for Vindinges borgere, som vi kan bidrage til, s\u00e5 r\u00e6k endelig ud til os. <\/p>\n\n\n\n\n\n\n\n<h4 class=\"wp-block-heading has-text-align-center has-luminous-vivid-orange-color has-text-color has-link-color wp-elements-d68fbc1ad02f26bf9cd17db9109ecfd7\">22. marts 2026<\/h4>\n\n\n\n<h2 class=\"wp-block-heading has-text-align-center\">V\u00e6lgerm\u00f8de &#8211; M\u00f8d de lokale kandidater<\/h2>\n\n\n\n\n\n<figure class=\"wp-block-image aligncenter size-large is-resized\"><img loading=\"lazy\" decoding=\"async\" width=\"724\" height=\"1024\" src=\"https:\/\/vindingelokalraad.dk\/wp-content\/uploads\/2026\/03\/VindingeLokalraad-Vaelgermoede-724x1024.jpg\" alt=\"\" class=\"wp-image-416\" style=\"width:500px\"\/><\/figure>\n\n\n\n\n\n\n\n<h4 class=\"wp-block-heading has-text-align-center has-luminous-vivid-orange-color has-text-color has-link-color wp-elements-12c24b761c0f4d5aef37ac0c57082e30\">20. marts 2026<\/h4>\n\n\n\n<h2 class=\"wp-block-heading has-text-align-center\">Invitation til Fredagscaf\u00e9 for alle i Vindinge<\/h2>\n\n\n\n\n\n<figure class=\"wp-block-image aligncenter size-large is-resized\"><img loading=\"lazy\" decoding=\"async\" width=\"724\" height=\"1024\" src=\"https:\/\/vindingelokalraad.dk\/wp-content\/uploads\/2026\/02\/FREDAGSBAR-i-VINDINGE-1-1-724x1024.png\" alt=\"\" class=\"wp-image-404\" style=\"width:500px\" srcset=\"https:\/\/vindingelokalraad.dk\/wp-content\/uploads\/2026\/02\/FREDAGSBAR-i-VINDINGE-1-1-724x1024.png 724w, https:\/\/vindingelokalraad.dk\/wp-content\/uploads\/2026\/02\/FREDAGSBAR-i-VINDINGE-1-1-212x300.png 212w, https:\/\/vindingelokalraad.dk\/wp-content\/uploads\/2026\/02\/FREDAGSBAR-i-VINDINGE-1-1-768x1086.png 768w, https:\/\/vindingelokalraad.dk\/wp-content\/uploads\/2026\/02\/FREDAGSBAR-i-VINDINGE-1-1-1086x1536.png 1086w, https:\/\/vindingelokalraad.dk\/wp-content\/uploads\/2026\/02\/FREDAGSBAR-i-VINDINGE-1-1-1448x2048.png 1448w, https:\/\/vindingelokalraad.dk\/wp-content\/uploads\/2026\/02\/FREDAGSBAR-i-VINDINGE-1-1-763x1080.png 763w, https:\/\/vindingelokalraad.dk\/wp-content\/uploads\/2026\/02\/FREDAGSBAR-i-VINDINGE-1-1.png 1587w\" sizes=\"(max-width: 724px) 100vw, 724px\" \/><\/figure>\n\n\n\n\n\n<p><\/p>\n","protected":false},"excerpt":{"rendered":"<p>Her finder du invitationer og information om arrangementer, som Vindinge Lokalr\u00e5d arrangerer eller deltager i. Har du et arrangement for [&hellip;]<\/p>\n","protected":false},"author":2,"featured_media":0,"parent":0,"menu_order":0,"comment_status":"closed","ping_status":"closed","template":"","meta":{"saved_in_kubio":false,"site-sidebar-layout":"default","site-content-layout":"","ast-site-content-layout":"default","site-content-style":"default","site-sidebar-style":"default","ast-global-header-display":"","ast-banner-title-visibility":"","ast-main-header-display":"","ast-hfb-above-header-display":"","ast-hfb-below-header-display":"","ast-hfb-mobile-header-display":"","site-post-title":"","ast-breadcrumbs-content":"","ast-featured-img":"","footer-sml-layout":"","ast-disable-related-posts":"","theme-transparent-header-meta":"","adv-header-id-meta":"","stick-header-meta":"","header-above-stick-meta":"","header-main-stick-meta":"","header-below-stick-meta":"","astra-migrate-meta-layouts":"default","ast-page-background-enabled":"default","ast-page-background-meta":{"desktop":{"background-color":"var(--ast-global-color-5)","background-image":"","background-repeat":"repeat","background-position":"center center","background-size":"auto","background-attachment":"scroll","background-type":"","background-media":"","overlay-type":"","overlay-color":"","overlay-opacity":"","overlay-gradient":""},"tablet":{"background-color":"","background-image":"","background-repeat":"repeat","background-position":"center center","background-size":"auto","background-attachment":"scroll","background-type":"","background-media":"","overlay-type":"","overlay-color":"","overlay-opacity":"","overlay-gradient":""},"mobile":{"background-color":"","background-image":"","background-repeat":"repeat","background-position":"center center","background-size":"auto","background-attachment":"scroll","background-type":"","background-media":"","overlay-type":"","overlay-color":"","overlay-opacity":"","overlay-gradient":""}},"ast-content-background-meta":{"desktop":{"background-color":"var(--ast-global-color-4)","background-image":"","background-repeat":"repeat","background-position":"center center","background-size":"auto","background-attachment":"scroll","background-type":"","background-media":"","overlay-type":"","overlay-color":"","overlay-opacity":"","overlay-gradient":""},"tablet":{"background-color":"var(--ast-global-color-4)","background-image":"","background-repeat":"repeat","background-position":"center center","background-size":"auto","background-attachment":"scroll","background-type":"","background-media":"","overlay-type":"","overlay-color":"","overlay-opacity":"","overlay-gradient":""},"mobile":{"background-color":"var(--ast-global-color-4)","background-image":"","background-repeat":"repeat","background-position":"center center","background-size":"auto","background-attachment":"scroll","background-type":"","background-media":"","overlay-type":"","overlay-color":"","overlay-opacity":"","overlay-gradient":""}},"footnotes":""},"class_list":["post-403","page","type-page","status-publish","hentry"],"kubio_ai_page_context":{"short_desc":"","purpose":"general"},"yoast_head":"<!-- This site is optimized with the Yoast SEO plugin v27.1.1 - https:\/\/yoast.com\/product\/yoast-seo-wordpress\/ -->\n<title>Arrangementer -<\/title>\n<meta name=\"robots\" content=\"index, follow, max-snippet:-1, max-image-preview:large, max-video-preview:-1\" \/>\n<link rel=\"canonical\" href=\"https:\/\/vindingelokalraad.dk\/index.php\/arrangementer\/\" \/>\n<meta property=\"og:locale\" content=\"da_DK\" \/>\n<meta property=\"og:type\" content=\"article\" \/>\n<meta property=\"og:title\" content=\"Arrangementer -\" \/>\n<meta property=\"og:description\" content=\"Her finder du invitationer og information om arrangementer, som Vindinge Lokalr\u00e5d arrangerer eller deltager i. Har du et arrangement for [&hellip;]\" \/>\n<meta property=\"og:url\" content=\"https:\/\/vindingelokalraad.dk\/index.php\/arrangementer\/\" \/>\n<meta property=\"article:publisher\" content=\"https:\/\/www.facebook.com\/vindingelokalraad\" \/>\n<meta property=\"article:modified_time\" content=\"2026-03-26T09:57:54+00:00\" \/>\n<meta property=\"og:image\" content=\"https:\/\/vindingelokalraad.dk\/wp-content\/uploads\/2026\/03\/VindingeLokalraad-Vaelgermoede-e1774520390135.jpg\" \/>\n\t<meta property=\"og:image:width\" content=\"449\" \/>\n\t<meta property=\"og:image:height\" content=\"635\" \/>\n\t<meta property=\"og:image:type\" content=\"image\/jpeg\" \/>\n<meta name=\"twitter:card\" content=\"summary_large_image\" \/>\n<meta name=\"twitter:label1\" content=\"Estimeret l\u00e6setid\" \/>\n\t<meta name=\"twitter:data1\" content=\"1 minut\" \/>\n<script type=\"application\/ld+json\" class=\"yoast-schema-graph\">{\"@context\":\"https:\/\/schema.org\",\"@graph\":[{\"@type\":\"WebPage\",\"@id\":\"https:\/\/vindingelokalraad.dk\/index.php\/arrangementer\/\",\"url\":\"https:\/\/vindingelokalraad.dk\/index.php\/arrangementer\/\",\"name\":\"Arrangementer -\",\"isPartOf\":{\"@id\":\"https:\/\/vindingelokalraad.dk\/#website\"},\"primaryImageOfPage\":{\"@id\":\"https:\/\/vindingelokalraad.dk\/index.php\/arrangementer\/#primaryimage\"},\"image\":{\"@id\":\"https:\/\/vindingelokalraad.dk\/index.php\/arrangementer\/#primaryimage\"},\"thumbnailUrl\":\"https:\/\/vindingelokalraad.dk\/wp-content\/uploads\/2026\/03\/VindingeLokalraad-Vaelgermoede-724x1024.jpg\",\"datePublished\":\"2026-02-27T09:45:53+00:00\",\"dateModified\":\"2026-03-26T09:57:54+00:00\",\"breadcrumb\":{\"@id\":\"https:\/\/vindingelokalraad.dk\/index.php\/arrangementer\/#breadcrumb\"},\"inLanguage\":\"da-DK\",\"potentialAction\":[{\"@type\":\"ReadAction\",\"target\":[\"https:\/\/vindingelokalraad.dk\/index.php\/arrangementer\/\"]}]},{\"@type\":\"ImageObject\",\"inLanguage\":\"da-DK\",\"@id\":\"https:\/\/vindingelokalraad.dk\/index.php\/arrangementer\/#primaryimage\",\"url\":\"https:\/\/vindingelokalraad.dk\/wp-content\/uploads\/2026\/03\/VindingeLokalraad-Vaelgermoede-e1774520390135.jpg\",\"contentUrl\":\"https:\/\/vindingelokalraad.dk\/wp-content\/uploads\/2026\/03\/VindingeLokalraad-Vaelgermoede-e1774520390135.jpg\",\"width\":449,\"height\":635},{\"@type\":\"BreadcrumbList\",\"@id\":\"https:\/\/vindingelokalraad.dk\/index.php\/arrangementer\/#breadcrumb\",\"itemListElement\":[{\"@type\":\"ListItem\",\"position\":1,\"name\":\"Hjem\",\"item\":\"https:\/\/vindingelokalraad.dk\/\"},{\"@type\":\"ListItem\",\"position\":2,\"name\":\"Arrangementer\"}]},{\"@type\":\"WebSite\",\"@id\":\"https:\/\/vindingelokalraad.dk\/#website\",\"url\":\"https:\/\/vindingelokalraad.dk\/\",\"name\":\"Vindinge Lokalr\u00e5d\",\"description\":\"\",\"publisher\":{\"@id\":\"https:\/\/vindingelokalraad.dk\/#organization\"},\"potentialAction\":[{\"@type\":\"SearchAction\",\"target\":{\"@type\":\"EntryPoint\",\"urlTemplate\":\"https:\/\/vindingelokalraad.dk\/?s={search_term_string}\"},\"query-input\":{\"@type\":\"PropertyValueSpecification\",\"valueRequired\":true,\"valueName\":\"search_term_string\"}}],\"inLanguage\":\"da-DK\"},{\"@type\":\"Organization\",\"@id\":\"https:\/\/vindingelokalraad.dk\/#organization\",\"name\":\"Vindinge Lokalr\u00e5d\",\"url\":\"https:\/\/vindingelokalraad.dk\/\",\"logo\":{\"@type\":\"ImageObject\",\"inLanguage\":\"da-DK\",\"@id\":\"https:\/\/vindingelokalraad.dk\/#\/schema\/logo\/image\/\",\"url\":\"https:\/\/vindingelokalraad.dk\/wp-content\/uploads\/2025\/07\/4-copy.png\",\"contentUrl\":\"https:\/\/vindingelokalraad.dk\/wp-content\/uploads\/2025\/07\/4-copy.png\",\"width\":500,\"height\":500,\"caption\":\"Vindinge Lokalr\u00e5d\"},\"image\":{\"@id\":\"https:\/\/vindingelokalraad.dk\/#\/schema\/logo\/image\/\"},\"sameAs\":[\"https:\/\/www.facebook.com\/vindingelokalraad\",\"https:\/\/www.instagram.com\/vindinge_lokalrad\/\"]}]}<\/script>\n<!-- \/ Yoast SEO plugin. -->","yoast_head_json":{"title":"Arrangementer -","robots":{"index":"index","follow":"follow","max-snippet":"max-snippet:-1","max-image-preview":"max-image-preview:large","max-video-preview":"max-video-preview:-1"},"canonical":"https:\/\/vindingelokalraad.dk\/index.php\/arrangementer\/","og_locale":"da_DK","og_type":"article","og_title":"Arrangementer -","og_description":"Her finder du invitationer og information om arrangementer, som Vindinge Lokalr\u00e5d arrangerer eller deltager i. Har du et arrangement for [&hellip;]","og_url":"https:\/\/vindingelokalraad.dk\/index.php\/arrangementer\/","article_publisher":"https:\/\/www.facebook.com\/vindingelokalraad","article_modified_time":"2026-03-26T09:57:54+00:00","og_image":[{"width":449,"height":635,"url":"https:\/\/vindingelokalraad.dk\/wp-content\/uploads\/2026\/03\/VindingeLokalraad-Vaelgermoede-e1774520390135.jpg","type":"image\/jpeg"}],"twitter_card":"summary_large_image","twitter_misc":{"Estimeret l\u00e6setid":"1 minut"},"schema":{"@context":"https:\/\/schema.org","@graph":[{"@type":"WebPage","@id":"https:\/\/vindingelokalraad.dk\/index.php\/arrangementer\/","url":"https:\/\/vindingelokalraad.dk\/index.php\/arrangementer\/","name":"Arrangementer -","isPartOf":{"@id":"https:\/\/vindingelokalraad.dk\/#website"},"primaryImageOfPage":{"@id":"https:\/\/vindingelokalraad.dk\/index.php\/arrangementer\/#primaryimage"},"image":{"@id":"https:\/\/vindingelokalraad.dk\/index.php\/arrangementer\/#primaryimage"},"thumbnailUrl":"https:\/\/vindingelokalraad.dk\/wp-content\/uploads\/2026\/03\/VindingeLokalraad-Vaelgermoede-724x1024.jpg","datePublished":"2026-02-27T09:45:53+00:00","dateModified":"2026-03-26T09:57:54+00:00","breadcrumb":{"@id":"https:\/\/vindingelokalraad.dk\/index.php\/arrangementer\/#breadcrumb"},"inLanguage":"da-DK","potentialAction":[{"@type":"ReadAction","target":["https:\/\/vindingelokalraad.dk\/index.php\/arrangementer\/"]}]},{"@type":"ImageObject","inLanguage":"da-DK","@id":"https:\/\/vindingelokalraad.dk\/index.php\/arrangementer\/#primaryimage","url":"https:\/\/vindingelokalraad.dk\/wp-content\/uploads\/2026\/03\/VindingeLokalraad-Vaelgermoede-e1774520390135.jpg","contentUrl":"https:\/\/vindingelokalraad.dk\/wp-content\/uploads\/2026\/03\/VindingeLokalraad-Vaelgermoede-e1774520390135.jpg","width":449,"height":635},{"@type":"BreadcrumbList","@id":"https:\/\/vindingelokalraad.dk\/index.php\/arrangementer\/#breadcrumb","itemListElement":[{"@type":"ListItem","position":1,"name":"Hjem","item":"https:\/\/vindingelokalraad.dk\/"},{"@type":"ListItem","position":2,"name":"Arrangementer"}]},{"@type":"WebSite","@id":"https:\/\/vindingelokalraad.dk\/#website","url":"https:\/\/vindingelokalraad.dk\/","name":"Vindinge Lokalr\u00e5d","description":"","publisher":{"@id":"https:\/\/vindingelokalraad.dk\/#organization"},"potentialAction":[{"@type":"SearchAction","target":{"@type":"EntryPoint","urlTemplate":"https:\/\/vindingelokalraad.dk\/?s={search_term_string}"},"query-input":{"@type":"PropertyValueSpecification","valueRequired":true,"valueName":"search_term_string"}}],"inLanguage":"da-DK"},{"@type":"Organization","@id":"https:\/\/vindingelokalraad.dk\/#organization","name":"Vindinge Lokalr\u00e5d","url":"https:\/\/vindingelokalraad.dk\/","logo":{"@type":"ImageObject","inLanguage":"da-DK","@id":"https:\/\/vindingelokalraad.dk\/#\/schema\/logo\/image\/","url":"https:\/\/vindingelokalraad.dk\/wp-content\/uploads\/2025\/07\/4-copy.png","contentUrl":"https:\/\/vindingelokalraad.dk\/wp-content\/uploads\/2025\/07\/4-copy.png","width":500,"height":500,"caption":"Vindinge Lokalr\u00e5d"},"image":{"@id":"https:\/\/vindingelokalraad.dk\/#\/schema\/logo\/image\/"},"sameAs":["https:\/\/www.facebook.com\/vindingelokalraad","https:\/\/www.instagram.com\/vindinge_lokalrad\/"]}]}},"_links":{"self":[{"href":"https:\/\/vindingelokalraad.dk\/index.php\/wp-json\/wp\/v2\/pages\/403","targetHints":{"allow":["GET"]}}],"collection":[{"href":"https:\/\/vindingelokalraad.dk\/index.php\/wp-json\/wp\/v2\/pages"}],"about":[{"href":"https:\/\/vindingelokalraad.dk\/index.php\/wp-json\/wp\/v2\/types\/page"}],"author":[{"embeddable":true,"href":"https:\/\/vindingelokalraad.dk\/index.php\/wp-json\/wp\/v2\/users\/2"}],"replies":[{"embeddable":true,"href":"https:\/\/vindingelokalraad.dk\/index.php\/wp-json\/wp\/v2\/comments?post=403"}],"version-history":[{"count":6,"href":"https:\/\/vindingelokalraad.dk\/index.php\/wp-json\/wp\/v2\/pages\/403\/revisions"}],"predecessor-version":[{"id":417,"href":"https:\/\/vindingelokalraad.dk\/index.php\/wp-json\/wp\/v2\/pages\/403\/revisions\/417"}],"wp:attachment":[{"href":"https:\/\/vindingelokalraad.dk\/index.php\/wp-json\/wp\/v2\/media?parent=403"}],"curies":[{"name":"wp","href":"https:\/\/api.w.org\/{rel}","templated":true}]}}