{"id":290,"date":"2026-01-21T10:00:09","date_gmt":"2026-01-21T10:00:09","guid":{"rendered":"https:\/\/vindingelokalraad.dk\/?page_id=290"},"modified":"2026-01-27T07:27:08","modified_gmt":"2026-01-27T07:27:08","slug":"kontakt","status":"publish","type":"page","link":"https:\/\/vindingelokalraad.dk\/index.php\/kontakt\/","title":{"rendered":"Kontakt"},"content":{"rendered":"\n\n\n<div class=\"wp-block-columns has-large-font-size is-layout-flex wp-container-core-columns-is-layout-d77786cf wp-block-columns-is-layout-flex\" style=\"margin-top:0;margin-bottom:0;padding-top:var(--wp--preset--spacing--20);padding-right:0;padding-bottom:var(--wp--preset--spacing--20);padding-left:0\">\n<div class=\"wp-block-column is-layout-flow wp-block-column-is-layout-flow\" style=\"flex-basis:50%\"><\/div>\n\n\n\n<div class=\"wp-block-column is-layout-flow wp-block-column-is-layout-flow\" style=\"flex-basis:50%\">\n<figure class=\"wp-block-image size-full\"><img loading=\"lazy\" decoding=\"async\" width=\"640\" height=\"480\" src=\"https:\/\/vindingelokalraad.dk\/wp-content\/uploads\/2026\/01\/IMG_2983.jpg\" alt=\"\" class=\"wp-image-313\" style=\"aspect-ratio:1;object-fit:cover\" srcset=\"https:\/\/vindingelokalraad.dk\/wp-content\/uploads\/2026\/01\/IMG_2983.jpg 640w, https:\/\/vindingelokalraad.dk\/wp-content\/uploads\/2026\/01\/IMG_2983-300x225.jpg 300w\" sizes=\"(max-width: 640px) 100vw, 640px\" \/><\/figure>\n<\/div>\n<\/div>\n","protected":false},"excerpt":{"rendered":"","protected":false},"author":2,"featured_media":0,"parent":0,"menu_order":0,"comment_status":"closed","ping_status":"closed","template":"","meta":{"saved_in_kubio":false,"site-sidebar-layout":"default","site-content-layout":"","ast-site-content-layout":"normal-width-container","site-content-style":"default","site-sidebar-style":"default","ast-global-header-display":"","ast-banner-title-visibility":"","ast-main-header-display":"","ast-hfb-above-header-display":"","ast-hfb-below-header-display":"","ast-hfb-mobile-header-display":"","site-post-title":"disabled","ast-breadcrumbs-content":"","ast-featured-img":"","footer-sml-layout":"","ast-disable-related-posts":"","theme-transparent-header-meta":"default","adv-header-id-meta":"","stick-header-meta":"","header-above-stick-meta":"","header-main-stick-meta":"","header-below-stick-meta":"","astra-migrate-meta-layouts":"set","ast-page-background-enabled":"default","ast-page-background-meta":{"desktop":{"background-color":"var(--ast-global-color-5)","background-image":"","background-repeat":"repeat","background-position":"center center","background-size":"auto","background-attachment":"scroll","background-type":"","background-media":"","overlay-type":"","overlay-color":"","overlay-opacity":"","overlay-gradient":""},"tablet":{"background-color":"","background-image":"","background-repeat":"repeat","background-position":"center center","background-size":"auto","background-attachment":"scroll","background-type":"","background-media":"","overlay-type":"","overlay-color":"","overlay-opacity":"","overlay-gradient":""},"mobile":{"background-color":"","background-image":"","background-repeat":"repeat","background-position":"center center","background-size":"auto","background-attachment":"scroll","background-type":"","background-media":"","overlay-type":"","overlay-color":"","overlay-opacity":"","overlay-gradient":""}},"ast-content-background-meta":{"desktop":{"background-color":"var(--ast-global-color-4)","background-image":"","background-repeat":"repeat","background-position":"center center","background-size":"auto","background-attachment":"scroll","background-type":"","background-media":"","overlay-type":"","overlay-color":"","overlay-opacity":"","overlay-gradient":""},"tablet":{"background-color":"var(--ast-global-color-4)","background-image":"","background-repeat":"repeat","background-position":"center center","background-size":"auto","background-attachment":"scroll","background-type":"","background-media":"","overlay-type":"","overlay-color":"","overlay-opacity":"","overlay-gradient":""},"mobile":{"background-color":"var(--ast-global-color-4)","background-image":"","background-repeat":"repeat","background-position":"center center","background-size":"auto","background-attachment":"scroll","background-type":"","background-media":"","overlay-type":"","overlay-color":"","overlay-opacity":"","overlay-gradient":""}},"footnotes":""},"class_list":["post-290","page","type-page","status-publish","hentry"],"kubio_ai_page_context":{"short_desc":"","purpose":"general"},"yoast_head":"<!-- This site is optimized with the Yoast SEO plugin v27.1.1 - https:\/\/yoast.com\/product\/yoast-seo-wordpress\/ -->\n<title>Kontakt -<\/title>\n<meta name=\"description\" content=\"Vi h\u00f8rer gerne fra dig, hvis du har id\u00e9er, sp\u00f8rgsm\u00e5l eller vil h\u00f8re mere om vores arbejde i lokalr\u00e5det. Skriv til os p\u00e5 kontakt@vindingelokalraad.dk\" \/>\n<meta name=\"robots\" content=\"index, follow, max-snippet:-1, max-image-preview:large, max-video-preview:-1\" \/>\n<link rel=\"canonical\" href=\"https:\/\/vindingelokalraad.dk\/index.php\/kontakt\/\" \/>\n<meta property=\"og:locale\" content=\"da_DK\" \/>\n<meta property=\"og:type\" content=\"article\" \/>\n<meta property=\"og:title\" content=\"Kontakt -\" \/>\n<meta property=\"og:description\" content=\"Vi h\u00f8rer gerne fra dig, hvis du har id\u00e9er, sp\u00f8rgsm\u00e5l eller vil h\u00f8re mere om vores arbejde i lokalr\u00e5det. Skriv til os p\u00e5 kontakt@vindingelokalraad.dk\" \/>\n<meta property=\"og:url\" content=\"https:\/\/vindingelokalraad.dk\/index.php\/kontakt\/\" \/>\n<meta property=\"article:publisher\" content=\"https:\/\/www.facebook.com\/vindingelokalraad\" \/>\n<meta property=\"article:modified_time\" content=\"2026-01-27T07:27:08+00:00\" \/>\n<meta property=\"og:image\" content=\"https:\/\/vindingelokalraad.dk\/wp-content\/uploads\/2026\/01\/IMG_2983.jpg\" \/>\n\t<meta property=\"og:image:width\" content=\"640\" \/>\n\t<meta property=\"og:image:height\" content=\"480\" \/>\n\t<meta property=\"og:image:type\" content=\"image\/jpeg\" \/>\n<meta name=\"twitter:card\" content=\"summary_large_image\" \/>\n<meta name=\"twitter:label1\" content=\"Estimeret l\u00e6setid\" \/>\n\t<meta name=\"twitter:data1\" content=\"1 minut\" \/>\n<script type=\"application\/ld+json\" class=\"yoast-schema-graph\">{\"@context\":\"https:\/\/schema.org\",\"@graph\":[{\"@type\":\"WebPage\",\"@id\":\"https:\/\/vindingelokalraad.dk\/index.php\/kontakt\/\",\"url\":\"https:\/\/vindingelokalraad.dk\/index.php\/kontakt\/\",\"name\":\"Kontakt -\",\"isPartOf\":{\"@id\":\"https:\/\/vindingelokalraad.dk\/#website\"},\"primaryImageOfPage\":{\"@id\":\"https:\/\/vindingelokalraad.dk\/index.php\/kontakt\/#primaryimage\"},\"image\":{\"@id\":\"https:\/\/vindingelokalraad.dk\/index.php\/kontakt\/#primaryimage\"},\"thumbnailUrl\":\"https:\/\/vindingelokalraad.dk\/wp-content\/uploads\/2026\/01\/IMG_2983.jpg\",\"datePublished\":\"2026-01-21T10:00:09+00:00\",\"dateModified\":\"2026-01-27T07:27:08+00:00\",\"description\":\"Vi h\u00f8rer gerne fra dig, hvis du har id\u00e9er, sp\u00f8rgsm\u00e5l eller vil h\u00f8re mere om vores arbejde i lokalr\u00e5det. Skriv til os p\u00e5 kontakt@vindingelokalraad.dk\",\"breadcrumb\":{\"@id\":\"https:\/\/vindingelokalraad.dk\/index.php\/kontakt\/#breadcrumb\"},\"inLanguage\":\"da-DK\",\"potentialAction\":[{\"@type\":\"ReadAction\",\"target\":[\"https:\/\/vindingelokalraad.dk\/index.php\/kontakt\/\"]}]},{\"@type\":\"ImageObject\",\"inLanguage\":\"da-DK\",\"@id\":\"https:\/\/vindingelokalraad.dk\/index.php\/kontakt\/#primaryimage\",\"url\":\"https:\/\/vindingelokalraad.dk\/wp-content\/uploads\/2026\/01\/IMG_2983.jpg\",\"contentUrl\":\"https:\/\/vindingelokalraad.dk\/wp-content\/uploads\/2026\/01\/IMG_2983.jpg\",\"width\":640,\"height\":480},{\"@type\":\"BreadcrumbList\",\"@id\":\"https:\/\/vindingelokalraad.dk\/index.php\/kontakt\/#breadcrumb\",\"itemListElement\":[{\"@type\":\"ListItem\",\"position\":1,\"name\":\"Hjem\",\"item\":\"https:\/\/vindingelokalraad.dk\/\"},{\"@type\":\"ListItem\",\"position\":2,\"name\":\"Kontakt\"}]},{\"@type\":\"WebSite\",\"@id\":\"https:\/\/vindingelokalraad.dk\/#website\",\"url\":\"https:\/\/vindingelokalraad.dk\/\",\"name\":\"Vindinge Lokalr\u00e5d\",\"description\":\"\",\"publisher\":{\"@id\":\"https:\/\/vindingelokalraad.dk\/#organization\"},\"potentialAction\":[{\"@type\":\"SearchAction\",\"target\":{\"@type\":\"EntryPoint\",\"urlTemplate\":\"https:\/\/vindingelokalraad.dk\/?s={search_term_string}\"},\"query-input\":{\"@type\":\"PropertyValueSpecification\",\"valueRequired\":true,\"valueName\":\"search_term_string\"}}],\"inLanguage\":\"da-DK\"},{\"@type\":\"Organization\",\"@id\":\"https:\/\/vindingelokalraad.dk\/#organization\",\"name\":\"Vindinge Lokalr\u00e5d\",\"url\":\"https:\/\/vindingelokalraad.dk\/\",\"logo\":{\"@type\":\"ImageObject\",\"inLanguage\":\"da-DK\",\"@id\":\"https:\/\/vindingelokalraad.dk\/#\/schema\/logo\/image\/\",\"url\":\"https:\/\/vindingelokalraad.dk\/wp-content\/uploads\/2025\/07\/4-copy.png\",\"contentUrl\":\"https:\/\/vindingelokalraad.dk\/wp-content\/uploads\/2025\/07\/4-copy.png\",\"width\":500,\"height\":500,\"caption\":\"Vindinge Lokalr\u00e5d\"},\"image\":{\"@id\":\"https:\/\/vindingelokalraad.dk\/#\/schema\/logo\/image\/\"},\"sameAs\":[\"https:\/\/www.facebook.com\/vindingelokalraad\",\"https:\/\/www.instagram.com\/vindinge_lokalrad\/\"]}]}<\/script>\n<!-- \/ Yoast SEO plugin. -->","yoast_head_json":{"title":"Kontakt -","description":"Vi h\u00f8rer gerne fra dig, hvis du har id\u00e9er, sp\u00f8rgsm\u00e5l eller vil h\u00f8re mere om vores arbejde i lokalr\u00e5det. Skriv til os p\u00e5 kontakt@vindingelokalraad.dk","robots":{"index":"index","follow":"follow","max-snippet":"max-snippet:-1","max-image-preview":"max-image-preview:large","max-video-preview":"max-video-preview:-1"},"canonical":"https:\/\/vindingelokalraad.dk\/index.php\/kontakt\/","og_locale":"da_DK","og_type":"article","og_title":"Kontakt -","og_description":"Vi h\u00f8rer gerne fra dig, hvis du har id\u00e9er, sp\u00f8rgsm\u00e5l eller vil h\u00f8re mere om vores arbejde i lokalr\u00e5det. Skriv til os p\u00e5 kontakt@vindingelokalraad.dk","og_url":"https:\/\/vindingelokalraad.dk\/index.php\/kontakt\/","article_publisher":"https:\/\/www.facebook.com\/vindingelokalraad","article_modified_time":"2026-01-27T07:27:08+00:00","og_image":[{"width":640,"height":480,"url":"https:\/\/vindingelokalraad.dk\/wp-content\/uploads\/2026\/01\/IMG_2983.jpg","type":"image\/jpeg"}],"twitter_card":"summary_large_image","twitter_misc":{"Estimeret l\u00e6setid":"1 minut"},"schema":{"@context":"https:\/\/schema.org","@graph":[{"@type":"WebPage","@id":"https:\/\/vindingelokalraad.dk\/index.php\/kontakt\/","url":"https:\/\/vindingelokalraad.dk\/index.php\/kontakt\/","name":"Kontakt -","isPartOf":{"@id":"https:\/\/vindingelokalraad.dk\/#website"},"primaryImageOfPage":{"@id":"https:\/\/vindingelokalraad.dk\/index.php\/kontakt\/#primaryimage"},"image":{"@id":"https:\/\/vindingelokalraad.dk\/index.php\/kontakt\/#primaryimage"},"thumbnailUrl":"https:\/\/vindingelokalraad.dk\/wp-content\/uploads\/2026\/01\/IMG_2983.jpg","datePublished":"2026-01-21T10:00:09+00:00","dateModified":"2026-01-27T07:27:08+00:00","description":"Vi h\u00f8rer gerne fra dig, hvis du har id\u00e9er, sp\u00f8rgsm\u00e5l eller vil h\u00f8re mere om vores arbejde i lokalr\u00e5det. Skriv til os p\u00e5 kontakt@vindingelokalraad.dk","breadcrumb":{"@id":"https:\/\/vindingelokalraad.dk\/index.php\/kontakt\/#breadcrumb"},"inLanguage":"da-DK","potentialAction":[{"@type":"ReadAction","target":["https:\/\/vindingelokalraad.dk\/index.php\/kontakt\/"]}]},{"@type":"ImageObject","inLanguage":"da-DK","@id":"https:\/\/vindingelokalraad.dk\/index.php\/kontakt\/#primaryimage","url":"https:\/\/vindingelokalraad.dk\/wp-content\/uploads\/2026\/01\/IMG_2983.jpg","contentUrl":"https:\/\/vindingelokalraad.dk\/wp-content\/uploads\/2026\/01\/IMG_2983.jpg","width":640,"height":480},{"@type":"BreadcrumbList","@id":"https:\/\/vindingelokalraad.dk\/index.php\/kontakt\/#breadcrumb","itemListElement":[{"@type":"ListItem","position":1,"name":"Hjem","item":"https:\/\/vindingelokalraad.dk\/"},{"@type":"ListItem","position":2,"name":"Kontakt"}]},{"@type":"WebSite","@id":"https:\/\/vindingelokalraad.dk\/#website","url":"https:\/\/vindingelokalraad.dk\/","name":"Vindinge Lokalr\u00e5d","description":"","publisher":{"@id":"https:\/\/vindingelokalraad.dk\/#organization"},"potentialAction":[{"@type":"SearchAction","target":{"@type":"EntryPoint","urlTemplate":"https:\/\/vindingelokalraad.dk\/?s={search_term_string}"},"query-input":{"@type":"PropertyValueSpecification","valueRequired":true,"valueName":"search_term_string"}}],"inLanguage":"da-DK"},{"@type":"Organization","@id":"https:\/\/vindingelokalraad.dk\/#organization","name":"Vindinge Lokalr\u00e5d","url":"https:\/\/vindingelokalraad.dk\/","logo":{"@type":"ImageObject","inLanguage":"da-DK","@id":"https:\/\/vindingelokalraad.dk\/#\/schema\/logo\/image\/","url":"https:\/\/vindingelokalraad.dk\/wp-content\/uploads\/2025\/07\/4-copy.png","contentUrl":"https:\/\/vindingelokalraad.dk\/wp-content\/uploads\/2025\/07\/4-copy.png","width":500,"height":500,"caption":"Vindinge Lokalr\u00e5d"},"image":{"@id":"https:\/\/vindingelokalraad.dk\/#\/schema\/logo\/image\/"},"sameAs":["https:\/\/www.facebook.com\/vindingelokalraad","https:\/\/www.instagram.com\/vindinge_lokalrad\/"]}]}},"_links":{"self":[{"href":"https:\/\/vindingelokalraad.dk\/index.php\/wp-json\/wp\/v2\/pages\/290","targetHints":{"allow":["GET"]}}],"collection":[{"href":"https:\/\/vindingelokalraad.dk\/index.php\/wp-json\/wp\/v2\/pages"}],"about":[{"href":"https:\/\/vindingelokalraad.dk\/index.php\/wp-json\/wp\/v2\/types\/page"}],"author":[{"embeddable":true,"href":"https:\/\/vindingelokalraad.dk\/index.php\/wp-json\/wp\/v2\/users\/2"}],"replies":[{"embeddable":true,"href":"https:\/\/vindingelokalraad.dk\/index.php\/wp-json\/wp\/v2\/comments?post=290"}],"version-history":[{"count":12,"href":"https:\/\/vindingelokalraad.dk\/index.php\/wp-json\/wp\/v2\/pages\/290\/revisions"}],"predecessor-version":[{"id":360,"href":"https:\/\/vindingelokalraad.dk\/index.php\/wp-json\/wp\/v2\/pages\/290\/revisions\/360"}],"wp:attachment":[{"href":"https:\/\/vindingelokalraad.dk\/index.php\/wp-json\/wp\/v2\/media?parent=290"}],"curies":[{"name":"wp","href":"https:\/\/api.w.org\/{rel}","templated":true}]}}